{"id":40,"date":"2020-07-23T11:21:36","date_gmt":"2020-07-23T11:21:36","guid":{"rendered":"https:\/\/xstore.8theme.com\/elementor\/demos\/coffee\/?page_id=40"},"modified":"2022-10-18T22:18:54","modified_gmt":"2022-10-18T22:18:54","slug":"contactez-nous","status":"publish","type":"page","link":"https:\/\/cafeluxlaayoune.com\/ar\/contactez-nous\/","title":{"rendered":"\u0627\u062a\u0635\u0644 \u0628\u0646\u0627"},"content":{"rendered":"<div class=\"wpb-content-wrapper\"><div data-vc-full-width=\"true\" data-vc-full-width-init=\"false\" class=\"vc_row wpb_row vc_row-fluid vc_custom_1622368497292 vc_row-has-fill vc_row-o-content-bottom vc_row-flex et-parallax et-parallax-right_top et_custom_uniqid_new_60b360eaec8ef\"><div class=\"wpb_column vc_column_container vc_col-sm-4 et_custom_uniqid_6a097390d16ea\"><div class=\"vc_column-inner\"><div class=\"wpb_wrapper\">\n\t<div  class=\"wpb_single_image wpb_content_element vc_align_center wpb_content_element\">\n\t\t\n\t\t<figure class=\"wpb_wrapper vc_figure\">\n\t\t\t<div class=\"vc_single_image-wrapper   vc_box_border_grey\"><img loading=\"lazy\" decoding=\"async\" width=\"58\" height=\"54\" src=\"https:\/\/cafeluxlaayoune.com\/wp-content\/uploads\/2020\/07\/Icon-3.png\" class=\"vc_single_image-img attachment-full\" alt=\"\" title=\"Icon\" \/><\/div>\n\t\t<\/figure>\n\t<\/div>\n<h3 style=\"font-size: 18px;color: #512a10;text-align: center\" class=\"vc_custom_heading vc_do_custom_heading vc_custom_1665925884755\" >\u062a\u0643\u0644\u0645 \u0645\u0639\u0646\u0627!<\/h3>\n\t<div class=\"wpb_text_column wpb_content_element vc_custom_1665926401072 text-center\" >\n\t\t<div class=\"wpb_wrapper\">\n\t\t\t<p>T\u00e9l\u00e9phone: +212 661-712-246<br \/>\n\u0648\u0627\u062a\u0633\u0627\u0628: <a href=\"https:\/\/wa.link\/h9wgbk\" target=\"_blank\" rel=\"noopener\">\u0645\u0646 \u0647\u0646\u0627<\/a>.<\/p>\n\n\t\t<\/div>\n\t<\/div>\n<h3 style=\"font-size: 14px;color: #512a10;text-align: center\" class=\"vc_custom_heading vc_do_custom_heading\" >CONTACT@CAFELUXLAAYOUNE.COM<\/h3><\/div><\/div><\/div><div class=\"wpb_column vc_column_container vc_col-sm-4 et_custom_uniqid_6a097390d16ea\"><div class=\"vc_column-inner\"><div class=\"wpb_wrapper\">\n\t<div  class=\"wpb_single_image wpb_content_element vc_align_center wpb_content_element\">\n\t\t\n\t\t<figure class=\"wpb_wrapper vc_figure\">\n\t\t\t<div class=\"vc_single_image-wrapper   vc_box_border_grey\"><img loading=\"lazy\" decoding=\"async\" width=\"60\" height=\"60\" src=\"https:\/\/cafeluxlaayoune.com\/wp-content\/uploads\/2020\/07\/Icon-1-1.png\" class=\"vc_single_image-img attachment-full\" alt=\"\" title=\"Icon (1)\" \/><\/div>\n\t\t<\/figure>\n\t<\/div>\n<h3 style=\"font-size: 18px;color: #512a10;text-align: center\" class=\"vc_custom_heading vc_do_custom_heading vc_custom_1665925599318\" >\u0645\u0648\u0642\u0639\u0646\u0627 \u0627\u0644\u062c\u063a\u0631\u0627\u0641\u064a<\/h3>\n\t<div class=\"wpb_text_column wpb_content_element vc_custom_1665926424610 text-center\" >\n\t\t<div class=\"wpb_wrapper\">\n\t\t\t<p>\u0642\u0647\u0648\u0629 \u0644\u0648\u0643\u0633 \u0627\u0644\u0639\u064a\u0648\u0646<br \/>\n70000, Maroc.<\/p>\n\n\t\t<\/div>\n\t<\/div>\n<h3 style=\"font-size: 14px;color: #512a10;text-align: center\" class=\"vc_custom_heading vc_do_custom_heading text-underline\" ><a href=\"https:\/\/goo.gl\/maps\/FWj48J8yZ7gGsFZG6\" target=\"_blank\" rel=\"noopener\">\u062e\u0631\u0627\u0626\u0637 \u062c\u0648\u062c\u0644<\/a><\/h3><\/div><\/div><\/div><div class=\"wpb_column vc_column_container vc_col-sm-4 et_custom_uniqid_6a097390d16ea\"><div class=\"vc_column-inner\"><div class=\"wpb_wrapper\">\n\t<div  class=\"wpb_single_image wpb_content_element vc_align_center wpb_content_element\">\n\t\t\n\t\t<figure class=\"wpb_wrapper vc_figure\">\n\t\t\t<div class=\"vc_single_image-wrapper   vc_box_border_grey\"><img loading=\"lazy\" decoding=\"async\" width=\"62\" height=\"56\" src=\"https:\/\/cafeluxlaayoune.com\/wp-content\/uploads\/2020\/07\/Icon-2.png\" class=\"vc_single_image-img attachment-full\" alt=\"\" title=\"Icon (2)\" \/><\/div>\n\t\t<\/figure>\n\t<\/div>\n<h3 style=\"font-size: 18px;color: #512a10;text-align: center\" class=\"vc_custom_heading vc_do_custom_heading vc_custom_1665926270446\" >\u0634\u0627\u0631\u0643 \u0645\u0639\u0646\u0627\u061f<\/h3>\n\t<div class=\"wpb_text_column wpb_content_element vc_custom_1665926367775 text-center\" >\n\t\t<div class=\"wpb_wrapper\">\n\t\t\t<p>\u0647\u0644 \u0623\u0646\u062a \u0645\u0648\u0632\u0639\u061f \u0627\u062a\u0635\u0644 \u0628\u0646\u0627 \u0644\u0644\u062d\u0635\u0648\u0644 \u0639\u0644\u0649 \u0635\u0641\u0642\u0627\u062a \u0623\u0641\u0636\u0644.<\/p>\n\n\t\t<\/div>\n\t<\/div>\n<h3 style=\"font-size: 14px;color: #512a10;text-align: center\" class=\"vc_custom_heading vc_do_custom_heading\" >COLLAB@CAFELUXLAAYOUNE.COM<\/h3><\/div><\/div><\/div><\/div><div class=\"vc_row-full-width vc_clearfix\"><\/div><div class=\"vc_row wpb_row vc_row-fluid vc_custom_1622367536129 et_custom_uniqid_new_60b35d294a0b4\"><div class=\"wpb_column vc_column_container vc_col-sm-12 et_custom_uniqid_new_60b35f4481e0f\"><div class=\"vc_column-inner vc_custom_1622368073579\"><div class=\"wpb_wrapper\"><div class=\"wpb_gmaps_widget wpb_content_element vc_custom_1665926481029\"><div class=\"wpb_wrapper\"><div class=\"wpb_map_wraper\"><iframe src=\"https:\/\/www.google.com\/maps\/embed?pb=!1m18!1m12!1m3!1d3821.835779297093!2d-13.189968896660032!3d27.14950407818787!2m3!1f0!2f0!3f0!3m2!1i1024!2i768!4f13.1!3m3!1m2!1s0xc3773e5b5726fef%3A0xa66c67a3729e7e0!2sCAF%C3%89%20LUX%20LAAYOUNE!5e0!3m2!1sen!2sma!4v1665925817458!5m2!1sen!2sma\" width=\"600\" height=\"550\" style=\"border:0;\" allowfullscreen=\"\" loading=\"lazy\" referrerpolicy=\"no-referrer-when-downgrade\"><\/iframe><\/div><\/div><\/div><\/div><\/div><\/div><\/div><div data-vc-full-width=\"true\" data-vc-full-width-init=\"false\" class=\"vc_row wpb_row vc_row-fluid vc_custom_1622368576397 vc_row-has-fill et-parallax et-parallax-left_bottom et-xs-no-bg et_custom_uniqid_new_60b3613c4ade7\"><div class=\"text-center wpb_column vc_column_container vc_col-sm-12 vc_col-has-fill et-parallax et-parallax-center_bottom et_custom_uniqid_new_60b3600548425\"><div class=\"vc_column-inner vc_custom_1622368266103\"><div class=\"wpb_wrapper\"><h2 style=\"font-size: 64px;color: #512a10;text-align: center\" class=\"vc_custom_heading vc_do_custom_heading no-uppercase\" >\u0623\u0631\u0633\u0644 \u0644\u0646\u0627 \u0631\u0633\u0627\u0644\u0629<\/h2>\n\t<div class=\"wpb_text_column wpb_content_element vc_custom_1665926601796 text-center\" >\n\t\t<div class=\"wpb_wrapper\">\n\t\t\t<p>\u064a\u0645\u0643\u0646\u0643 \u0623\u0646 \u062a\u0631\u0633\u0644 \u0644\u0646\u0627 \u0631\u0633\u0627\u0644\u0629 \u0628\u0627\u0633\u062a\u062e\u062f\u0627\u0645 \u0627\u0644\u0646\u0645\u0648\u0630\u062c \u0623\u062f\u0646\u0627\u0647.<\/p>\n\n\t\t<\/div>\n\t<\/div>\n\n<div class=\"wpcf7 no-js\" id=\"wpcf7-f589-o1\" lang=\"en-US\" dir=\"ltr\" data-wpcf7-id=\"589\">\n<div class=\"screen-reader-response\"><p role=\"status\" aria-live=\"polite\" aria-atomic=\"true\"><\/p> <ul><\/ul><\/div>\n<form action=\"\/ar\/wp-json\/wp\/v2\/pages\/40#wpcf7-f589-o1\" method=\"post\" class=\"wpcf7-form init\" aria-label=\"Contact form\" novalidate=\"novalidate\" data-status=\"init\" data-trp-original-action=\"\/ar\/wp-json\/wp\/v2\/pages\/40#wpcf7-f589-o1\">\n<fieldset class=\"hidden-fields-container\"><input type=\"hidden\" name=\"_wpcf7\" value=\"589\" \/><input type=\"hidden\" name=\"_wpcf7_version\" value=\"6.1.6\" \/><input type=\"hidden\" name=\"_wpcf7_locale\" value=\"en_US\" \/><input type=\"hidden\" name=\"_wpcf7_unit_tag\" value=\"wpcf7-f589-o1\" \/><input type=\"hidden\" name=\"_wpcf7_container_post\" value=\"0\" \/><input type=\"hidden\" name=\"_wpcf7_posted_data_hash\" value=\"\" \/>\n<\/fieldset>\n<p><span class=\"wpcf7-form-control-wrap\" data-name=\"textarea-969\"><textarea cols=\"40\" rows=\"7\" maxlength=\"2000\" class=\"wpcf7-form-control wpcf7-textarea\" aria-invalid=\"false\" placeholder=\"\u0631\u0633\u0627\u0644\u0629\" name=\"textarea-969\"><\/textarea><\/span>\n<\/p>\n<div class=\"form-group\">\n\t<p><span class=\"wpcf7-form-control-wrap\" data-name=\"text-123\"><input size=\"40\" maxlength=\"400\" class=\"wpcf7-form-control wpcf7-text wpcf7-validates-as-required\" aria-required=\"true\" aria-invalid=\"false\" placeholder=\"\u0625\u0633\u0645\u0643\" value=\"\" type=\"text\" name=\"text-123\" \/><\/span>\n\t<\/p>\n\t<p><span class=\"wpcf7-form-control-wrap\" data-name=\"email-962\"><input size=\"40\" maxlength=\"400\" class=\"wpcf7-form-control wpcf7-email wpcf7-validates-as-required wpcf7-text wpcf7-validates-as-email\" aria-required=\"true\" aria-invalid=\"false\" placeholder=\"\u0628\u0631\u064a\u062f\u0643 \u0627\u0644\u0625\u0644\u0643\u062a\u0631\u0648\u0646\u064a\" value=\"\" type=\"email\" name=\"email-962\" \/><\/span>\n\t<\/p>\n\t<p><span class=\"wpcf7-form-control-wrap\" data-name=\"text-445\"><input size=\"40\" maxlength=\"400\" class=\"wpcf7-form-control wpcf7-tel wpcf7-text wpcf7-validates-as-tel\" aria-invalid=\"false\" value=\"Votre t\u00e9l\u00e9phone\" type=\"tel\" name=\"text-445\" \/><\/span>\n\t<\/p>\n<\/div>\n<p><input class=\"wpcf7-form-control wpcf7-submit has-spinner\" type=\"submit\" value=\"\u0623\u0631\u0633\u0644 \u0627\u0644\u0631\u0633\u0627\u0644\u0629\" \/>\n<\/p><div class=\"wpcf7-response-output\" aria-hidden=\"true\"><\/div>\n<input type=\"hidden\" name=\"trp-form-language\" value=\"ar\"\/><\/form>\n<\/div>\n<\/div><\/div><\/div><\/div><div class=\"vc_row-full-width vc_clearfix\"><\/div>\n<\/div>","protected":false},"excerpt":{"rendered":"DISCUTEZ AVEC NOUS! T\u00e9l\u00e9phone: +212 661-712-246 WhatsApp: Par ICI. CONTACT@CAFELUXLAAYOUNE.COM Notre Localisation Caf\u00e9 Lux Laayoune, Laayoune 70000, Maroc. Google Maps COLLABORATION? Vous \u00eates un revendeur?...","protected":false},"author":1,"featured_media":411,"parent":0,"menu_order":0,"comment_status":"closed","ping_status":"closed","template":"","meta":{"footnotes":""},"class_list":["post-40","page","type-page","status-publish","has-post-thumbnail","hentry"],"jetpack_sharing_enabled":true,"_links":{"self":[{"href":"https:\/\/cafeluxlaayoune.com\/ar\/wp-json\/wp\/v2\/pages\/40","targetHints":{"allow":["GET"]}}],"collection":[{"href":"https:\/\/cafeluxlaayoune.com\/ar\/wp-json\/wp\/v2\/pages"}],"about":[{"href":"https:\/\/cafeluxlaayoune.com\/ar\/wp-json\/wp\/v2\/types\/page"}],"author":[{"embeddable":true,"href":"https:\/\/cafeluxlaayoune.com\/ar\/wp-json\/wp\/v2\/users\/1"}],"replies":[{"embeddable":true,"href":"https:\/\/cafeluxlaayoune.com\/ar\/wp-json\/wp\/v2\/comments?post=40"}],"version-history":[{"count":4,"href":"https:\/\/cafeluxlaayoune.com\/ar\/wp-json\/wp\/v2\/pages\/40\/revisions"}],"predecessor-version":[{"id":933,"href":"https:\/\/cafeluxlaayoune.com\/ar\/wp-json\/wp\/v2\/pages\/40\/revisions\/933"}],"wp:featuredmedia":[{"embeddable":true,"href":"https:\/\/cafeluxlaayoune.com\/ar\/wp-json\/wp\/v2\/media\/411"}],"wp:attachment":[{"href":"https:\/\/cafeluxlaayoune.com\/ar\/wp-json\/wp\/v2\/media?parent=40"}],"curies":[{"name":"wp","href":"https:\/\/api.w.org\/{rel}","templated":true}]}}